{"id":1509,"date":"2024-07-29T19:02:41","date_gmt":"2024-07-29T19:02:41","guid":{"rendered":"https:\/\/alloreparation.ca\/politique-de-confidentialite\/"},"modified":"2024-11-04T21:28:54","modified_gmt":"2024-11-04T21:28:54","slug":"politique-de-confidentialite","status":"publish","type":"page","link":"https:\/\/alloreparation.ca\/fr\/politique-de-confidentialite\/","title":{"rendered":"Politique de confidentialit\u00e9"},"content":{"rendered":"\n<div style=\"height:100px\" aria-hidden=\"true\" class=\"wp-block-spacer\"><\/div>\n\n<h2 class=\"wp-block-heading\"><strong>Politique de confidentialit\u00e9 &#8211; Allo R\u00e9paration<\/strong><\/h2>\n\n<p><strong>Derni\u00e8re mise \u00e0 jour : 31 octobre 2024<\/strong><\/p>\n\n<p>Allo R\u00e9paration s&rsquo;engage \u00e0 prot\u00e9ger la vie priv\u00e9e de ses clients conform\u00e9ment \u00e0 la Loi 25 du Qu\u00e9bec. La pr\u00e9sente politique explique comment nous recueillons, utilisons et prot\u00e9geons vos renseignements personnels. <\/p>\n\n<h3 class=\"wp-block-heading\">Collecte d&rsquo;informations<\/h3>\n\n<p>Nous ne recueillons que les informations n\u00e9cessaires pour vous fournir un devis pour nos services. Il peut s&rsquo;agir de votre nom, de vos coordonn\u00e9es, de votre adresse et de tout autre d\u00e9tail que vous fournissez par le biais de notre formulaire en ligne. <\/p>\n\n<h3 class=\"wp-block-heading\">Utilisation des informations<\/h3>\n\n<p>Vos informations personnelles sont utilis\u00e9es uniquement pour r\u00e9pondre \u00e0 votre demande de devis et pour fournir nos services. Nous ne vendons pas, ne louons pas et ne partageons pas vos informations avec des tiers. <\/p>\n\n<h3 class=\"wp-block-heading\">Mesures de s\u00e9curit\u00e9<\/h3>\n\n<p>Nous avons mis en \u0153uvre des mesures appropri\u00e9es pour prot\u00e9ger vos informations personnelles contre l&rsquo;acc\u00e8s non autoris\u00e9, la divulgation et l&rsquo;utilisation abusive.<\/p>\n\n<h3 class=\"wp-block-heading\">Conservation des informations<\/h3>\n\n<p>Les informations personnelles collect\u00e9es par le biais de notre formulaire de devis ne sont conserv\u00e9es que le temps n\u00e9cessaire \u00e0 la r\u00e9alisation de l&rsquo;objectif pour lequel elles ont \u00e9t\u00e9 collect\u00e9es ou dans la mesure o\u00f9 la loi l&rsquo;exige.<\/p>\n\n<h3 class=\"wp-block-heading\">Vos droits<\/h3>\n\n<p>Vous avez le droit d&rsquo;acc\u00e9der \u00e0 vos informations personnelles, de les corriger ou de demander leur suppression. Pour exercer ces droits, veuillez nous contacter \u00e0 l&rsquo;adresse suivante <a>: info@alloreparation.ca.<\/a> <\/p>\n\n<h3 class=\"wp-block-heading\">Contactez nous<\/h3>\n\n<p>Si vous avez des questions sur nos pratiques en mati\u00e8re de protection de la vie priv\u00e9e, veuillez nous contacter au (438) 371-9119 ou \u00e0 l&rsquo;<a>adresse info@alloreparation.ca<\/a>.<\/p>\n","protected":false},"excerpt":{"rendered":"<p>Politique de confidentialit\u00e9 &#8211; Allo R\u00e9paration Derni\u00e8re mise \u00e0 jour : 31 octobre 2024 Allo R\u00e9paration s&rsquo;engage \u00e0 prot\u00e9ger la vie priv\u00e9e de ses clients conform\u00e9ment \u00e0 la Loi 25 du Qu\u00e9bec. La pr\u00e9sente politique explique comment nous recueillons, utilisons et prot\u00e9geons vos renseignements personnels. Collecte d&rsquo;informations Nous ne recueillons que les informations n\u00e9cessaires pour [&hellip;]<\/p>\n","protected":false},"author":1,"featured_media":0,"parent":0,"menu_order":0,"comment_status":"closed","ping_status":"open","template":"","meta":{"footnotes":""},"class_list":["post-1509","page","type-page","status-publish","hentry"],"blocksy_meta":[],"aioseo_notices":[],"_links":{"self":[{"href":"https:\/\/alloreparation.ca\/fr\/wp-json\/wp\/v2\/pages\/1509","targetHints":{"allow":["GET"]}}],"collection":[{"href":"https:\/\/alloreparation.ca\/fr\/wp-json\/wp\/v2\/pages"}],"about":[{"href":"https:\/\/alloreparation.ca\/fr\/wp-json\/wp\/v2\/types\/page"}],"author":[{"embeddable":true,"href":"https:\/\/alloreparation.ca\/fr\/wp-json\/wp\/v2\/users\/1"}],"replies":[{"embeddable":true,"href":"https:\/\/alloreparation.ca\/fr\/wp-json\/wp\/v2\/comments?post=1509"}],"version-history":[{"count":4,"href":"https:\/\/alloreparation.ca\/fr\/wp-json\/wp\/v2\/pages\/1509\/revisions"}],"predecessor-version":[{"id":1515,"href":"https:\/\/alloreparation.ca\/fr\/wp-json\/wp\/v2\/pages\/1509\/revisions\/1515"}],"wp:attachment":[{"href":"https:\/\/alloreparation.ca\/fr\/wp-json\/wp\/v2\/media?parent=1509"}],"curies":[{"name":"wp","href":"https:\/\/api.w.org\/{rel}","templated":true}]}}